{"id":4806,"date":"2021-10-03T04:27:45","date_gmt":"2021-10-02T20:27:45","guid":{"rendered":"https:\/\/www.gjtex.com\/privacy-policy\/"},"modified":"2024-05-07T00:54:41","modified_gmt":"2024-05-06T16:54:41","slug":"privacy-policy","status":"publish","type":"page","link":"https:\/\/www.gjtex.com\/fr\/privacy-policy\/","title":{"rendered":"Politique de confidentialit\u00e9"},"content":{"rendered":"\n<div class=\"wp-block-columns is-layout-flex wp-container-core-columns-is-layout-28f84493 wp-block-columns-is-layout-flex\">\n<div class=\"wp-block-column is-layout-flow wp-block-column-is-layout-flow\">\n<p>Plainte relative aux droits d&rsquo;auteur Contactez-nous<\/p>\n\n\n\n<div class=\"wp-block-buttons is-layout-flex wp-block-buttons-is-layout-flex\">\n<div class=\"wp-block-button\"><a class=\"wp-block-button__link wp-element-button\">Se plaindre<\/a><\/div>\n<\/div>\n<\/div>\n\n\n\n<div class=\"wp-block-column is-layout-flow wp-block-column-is-layout-flow\">\n<p>D\u00e9veloppeur de conception de sites Web officiels<\/p>\n\n\n\n<div class=\"wp-block-buttons is-layout-flex wp-block-buttons-is-layout-flex\">\n<div class=\"wp-block-button\"><a class=\"wp-block-button__link wp-element-button\">Le contact est ouvert<\/a><\/div>\n<\/div>\n<\/div>\n<\/div>\n\n<div style=\"height:100px\" aria-hidden=\"true\" class=\"wp-block-spacer\"><\/div>\n\n<h5 class=\"wp-block-heading\">Politique de confidentialit\u00e9<\/h5>\n\n<p>Cette politique de confidentialit\u00e9 d\u00e9crit comment gjtex.com (le \u00ab Site \u00bb ou \u00ab nous \u00bb) collecte, utilise et divulgue vos informations personnelles lorsque vous visitez ou achetez sur le site.<\/p>\n\n<h5 class=\"wp-block-heading\"><strong>Recueillir des informations personnelles<\/strong><\/h5>\n\n<p>Lorsque vous visitez le Site, nous collectons certaines informations sur votre appareil, votre interaction avec le Site et les informations n\u00e9cessaires au traitement de vos achats. Nous pouvons \u00e9galement collecter des informations suppl\u00e9mentaires si vous nous contactez pour le support client. Dans cette politique de confidentialit\u00e9, nous faisons r\u00e9f\u00e9rence \u00e0 toute information permettant d&rsquo;identifier de mani\u00e8re unique un individu (y compris les informations ci-dessous) sous le nom de \u00ab informations personnelles \u00bb. Pour plus d&rsquo;informations sur les informations personnelles que nous collectons et pourquoi, veuillez consulter la liste ci-dessous.<\/p>\n\n<h6 class=\"wp-block-heading\">Informations sur l&rsquo;appareil<\/h6>\n\n<ol class=\"numberlist is-style-flext-list-circle wp-block-list\">\n<li><strong>Exemples d&rsquo;informations personnelles collect\u00e9es : <\/strong> version du navigateur Web, adresse IP, fuseau horaire, informations sur les cookies, sites Web ou produits que vous avez consult\u00e9s, termes de recherche et mani\u00e8re dont vous avez interagi avec le site Web.<\/li>\n\n\n\n<li><strong>Objectif de la collecte : <\/strong> charger le site Internet avec pr\u00e9cision pour vous et analyser l&rsquo;utilisation du site Internet afin d&rsquo;optimiser notre site Internet.<\/li>\n\n\n\n<li><strong>Source de collecte :<\/strong> collect\u00e9e automatiquement lorsque vous visitez notre site Web \u00e0 l&rsquo;aide de cookies, de fichiers journaux, de balises Web, de balises ou de pixels.<\/li>\n\n\n\n<li><strong>Divulgation \u00e0 des fins commerciales :<\/strong> partag\u00e9e avec notre processeur WooCommerce.<\/li>\n<\/ol>\n\n<h6 class=\"wp-block-heading\">Informations sur la commande<\/h6>\n\n<ol class=\"numberlist is-style-flext-list-circle wp-block-list\">\n<li><strong>Exemples d&rsquo;informations personnelles collect\u00e9es :<\/strong> nom, adresse de facturation, adresse de livraison, informations de paiement (y compris le num\u00e9ro de carte de cr\u00e9dit, PayPal ou jumeaux, adresse e-mail et num\u00e9ro de t\u00e9l\u00e9phone.<\/li>\n\n\n\n<li><strong>Finalit\u00e9 de la collecte : <\/strong> vous fournir des produits ou des services, ex\u00e9cuter nos contrats, traiter vos informations de paiement, organiser les exp\u00e9ditions et vous fournir des factures et\/ou des confirmations de commande, communiquer avec vous, filtrer nos commandes pour d\u00e9tecter les risques potentiels. ou De mani\u00e8re frauduleuse, vous fournir des informations ou des publicit\u00e9s li\u00e9es \u00e0 nos produits ou services lorsque cela est conforme aux pr\u00e9f\u00e9rences que vous avez partag\u00e9es avec nous.<\/li>\n\n\n\n<li><strong>Source de collecte : <\/strong> collect\u00e9e aupr\u00e8s de vous.<\/li>\n\n\n\n<li><strong>Divulgation \u00e0 des fins commerciales : <\/strong> partag\u00e9e avec notre processeur Paypai, notre passerelle de paiement (Paypai), PayPal ou Twint, et notre partenaire d&rsquo;exp\u00e9dition et de traitement FedEx.<\/li>\n<\/ol>\n\n<h6 class=\"wp-block-heading\">Informations sur l&rsquo;assistance client<\/h6>\n\n<ol class=\"numberlist is-style-flext-list-circle wp-block-list\">\n<li><strong>Exemples d&rsquo;informations personnelles collect\u00e9es :<\/strong> <em>&#8211; <\/em><\/li>\n\n\n\n<li><strong>Objectif de la collecte : <\/strong> Fournir un support client.<\/li>\n\n\n\n<li><strong>Source de collecte : <\/strong> collect\u00e9e aupr\u00e8s de vous.<\/li>\n\n\n\n<li><strong>Divulgation \u00e0 des fins commerciales :<\/strong><\/li>\n<\/ol>\n\n<h6 class=\"wp-block-heading\">mineure<\/h6>\n\n<p>Ce site Web n&rsquo;est pas destin\u00e9 aux personnes de moins de 16 ans. Nous ne collectons pas sciemment d\u2019informations personnelles aupr\u00e8s des enfants. Si vous \u00eates un parent ou un tuteur et pensez que votre enfant nous a fourni des informations personnelles, veuillez nous contacter \u00e0 l&rsquo;adresse ci-dessous pour demander la suppression.<\/p>\n\n<h6 class=\"wp-block-heading\">Partager des informations personnelles<\/h6>\n\n<ul class=\"wp-block-list\">\n<li>Nous utilisons woocommerce pour alimenter notre boutique en ligne. Vous pouvez en savoir plus sur la mani\u00e8re dont woocommerce utilise vos informations personnelles ici :<a href=\"https:\/\/woocommerce.com\/support-policy\/\" target=\"_blank\" rel=\"noreferrer noopener\">https:\/\/woocommerce.com\/support-policy\/<\/a>\u3002<\/li>\n\n\n\n<li>Nous pouvons partager vos informations personnelles pour nous conformer aux lois et r\u00e9glementations applicables, r\u00e9pondre aux assignations \u00e0 compara\u00eetre, aux mandats de perquisition ou \u00e0 d&rsquo;autres demandes l\u00e9gales d&rsquo;informations que nous recevons, ou pour prot\u00e9ger nos droits de toute autre mani\u00e8re.<\/li>\n<\/ul>\n\n<h6 class=\"wp-block-heading\">publicit\u00e9 comportementale<\/h6>\n\n<p>Comme d\u00e9crit ci-dessus, nous utilisons vos informations personnelles pour vous proposer des publicit\u00e9s ou des communications marketing cibl\u00e9es qui, selon nous, pourraient vous int\u00e9resser. Par exemple:<\/p>\n\n<ul class=\"wp-block-list\">\n<li>Nous utilisons Google Analytics pour nous aider \u00e0 comprendre comment les clients utilisent ce site. Vous pouvez en savoir plus sur la mani\u00e8re dont Google utilise vos informations personnelles ici :<a href=\"https:\/\/policies.google.com\/privacy?hl=en\">https:\/\/policies.google.com\/privacy\uff1fhl=en<\/a>. Vous pouvez \u00e9galement vous d\u00e9sinscrire de Google Analytics ici :<a href=\"https:\/\/tools.google.com\/dlpage\/gaoptout\">https:\/\/tools.google.com\/dlpage\/gaoptout<\/a>\u3002<\/li>\n\n\n\n<li>Applications utilis\u00e9es : Champs clients et filtres et recherches de produits. Nous partageons des informations avec nos partenaires publicitaires sur votre utilisation du site, les achats effectu\u00e9s et vos interactions avec les publicit\u00e9s sur d&rsquo;autres sites. Nous collectons et partageons certaines de ces informations directement avec nos partenaires publicitaires, dans certains cas via l&rsquo;utilisation de cookies ou d&rsquo;autres technologies similaires (en fonction de votre emplacement, vous pouvez consentir).<\/li>\n<\/ul>\n\n<p>Pour plus d&rsquo;informations sur le fonctionnement de la publicit\u00e9 cibl\u00e9e, vous pouvez visiter la page \u00e9ducative de la Network Advertising Initiative (\u00ab NAI \u00bb).<a href=\"http:\/\/www.networkadvertising.org\/understanding-online-advertising\/how-does-it-work\">http:\/\/www.networkadvertising.org\/understanding-online-advertising\/how-does-it-work<\/a>\u3002<\/p>\n\n<p>Vous pouvez vous d\u00e9sinscrire de la publicit\u00e9 cibl\u00e9e en :<\/p>\n\n<ul class=\"wp-block-list\">\n<li><em>Facebook-<\/em><a href=\"https:\/\/www.facebook.com\/settings\/?tab=ads\">https:\/\/www.facebook.com\/settings\/?\u9009\u9879\u5361=\u5e7f\u544a<\/a><\/li>\n\n\n\n<li><em>Google-<\/em><a href=\"https:\/\/www.google.com\/settings\/ads\/anonymous\">https:\/\/www.google.com\/settings\/ads\/anonymous<\/a><\/li>\n\n\n\n<li><em>BING &#8211;<\/em><a href=\"https:\/\/advertise.bingads.microsoft.com\/en-us\/resources\/policies\/personalized-ads\">https:\/\/advertise.bingads.microsoft.com\/en-us\/resources\/policies\/personalized-ads<\/a><em>]<\/em><\/li>\n<\/ul>\n\n<p>De plus, vous pouvez vous d\u00e9sinscrire de certains de ces services en visitant le portail de d\u00e9sinscription de la Digital Advertising Alliance :<a href=\"http:\/\/optout.aboutads.info\/\">http:\/\/optout.aboutads.info\/<\/a>\u3002<\/p>\n\n<h6 class=\"wp-block-heading\">Utilisation des informations personnelles<\/h6>\n\n<p>Nous utilisons vos informations personnelles pour vous fournir nos services, notamment : proposer des produits \u00e0 la vente, traiter les paiements, exp\u00e9dier et ex\u00e9cuter vos commandes, et vous tenir au courant des nouveaux produits, services et offres.<\/p>\n\n<h5 class=\"wp-block-heading\">base l\u00e9gale<\/h5>\n\n<p>Conform\u00e9ment au R\u00e8glement g\u00e9n\u00e9ral sur la protection des donn\u00e9es (\u00ab RGPD \u00bb), si vous r\u00e9sidez dans l&rsquo;Espace \u00e9conomique europ\u00e9en (\u00ab EEE \u00bb), nous traiterons vos informations personnelles sur les bases juridiques suivantes :<\/p>\n\n<ul class=\"wp-block-list\">\n<li>votre consentement;<\/li>\n\n\n\n<li>Ex\u00e9cution du contrat entre vous et le site Internet ;<\/li>\n\n\n\n<li>respecter nos obligations l\u00e9gales ;<\/li>\n\n\n\n<li>Prot\u00e9gez vos int\u00e9r\u00eats vitaux ;<\/li>\n\n\n\n<li>Accomplir des t\u00e2ches ex\u00e9cut\u00e9es dans l\u2019int\u00e9r\u00eat public ;<\/li>\n\n\n\n<li>Pour nos int\u00e9r\u00eats l\u00e9gitimes qui ne pr\u00e9valent pas sur vos droits et libert\u00e9s fondamentaux.<\/li>\n<\/ul>\n\n<h3 class=\"wp-block-heading\">avoir<\/h3>\n\n<p>Lorsque vous passez une commande via le Site, nous conserverons vos informations personnelles dans nos dossiers, sauf si vous nous demandez de supprimer ces informations. Pour plus d\u2019informations sur vos droits d\u2019effacement, veuillez consulter la section \u00ab Vos droits \u00bb ci-dessous.<\/p>\n\n<h3 class=\"wp-block-heading\">Prise de d\u00e9cision automatis\u00e9e<\/h3>\n\n<p>Si vous r\u00e9sidez dans l&rsquo;Espace \u00e9conomique europ\u00e9en, vous avez le droit de vous opposer au traitement fond\u00e9 uniquement sur une prise de d\u00e9cision automatis\u00e9e, y compris le profilage, lorsque la d\u00e9cision a des effets juridiques sur vous ou vous affecte de mani\u00e8re significative.<\/p>\n\n<p>Nous ne nous engageons pas dans une prise de d\u00e9cision enti\u00e8rement automatis\u00e9e lorsque l\u2019utilisation des donn\u00e9es client a des implications juridiques ou autres importantes.<\/p>\n\n<p>Nos sous-traitants utilisent une prise de d\u00e9cision automatis\u00e9e limit\u00e9e pour emp\u00eacher la fraude qui n&rsquo;a aucun impact juridique ou autre significatif sur vous.<\/p>\n\n<p>Les services qui incluent des \u00e9l\u00e9ments de prise de d\u00e9cision automatis\u00e9e comprennent :<\/p>\n\n<ul class=\"wp-block-list\">\n<li>Liste de refus temporaire des adresses IP associ\u00e9es aux transactions \u00e9chou\u00e9es r\u00e9p\u00e9t\u00e9es. Cette liste de refus a dur\u00e9 plusieurs heures.<\/li>\n\n\n\n<li>Une liste de refus temporaire des cartes de cr\u00e9dit associ\u00e9es aux adresses IP r\u00e9pertori\u00e9es refus\u00e9es. Cette liste de refus dure plusieurs jours.<\/li>\n<\/ul>\n\n<h3 class=\"wp-block-heading\">Vendre des informations personnelles<\/h3>\n\n<p>Notre site Web vend des informations personnelles telles que d\u00e9finies par la California Consumer Privacy Act de 2018 (\u00ab CCPA \u00bb).<\/p>\n\n<ul class=\"wp-block-list\"><\/ul>\n\n<h3 class=\"wp-block-heading\">GDPR<\/h3>\n\n<p>Si vous \u00eates un r\u00e9sident de l&rsquo;Espace \u00e9conomique europ\u00e9en, vous avez le droit d&rsquo;acc\u00e9der aux informations personnelles que nous d\u00e9tenons \u00e0 votre sujet, de les transf\u00e9rer vers un nouveau service et de demander que vos informations personnelles soient corrig\u00e9es, mises \u00e0 jour ou supprim\u00e9es. Si vous souhaitez exercer ces droits, veuillez nous contacter en utilisant les coordonn\u00e9es ci-dessous.<\/p>\n\n<p>Vos informations personnelles seront initialement trait\u00e9es en Irlande, puis transf\u00e9r\u00e9es vers des lieux en dehors de l&rsquo;Europe pour \u00eatre stock\u00e9es et trait\u00e9es ult\u00e9rieurement, notamment au Canada et aux \u00c9tats-Unis. Pour plus d\u2019informations sur la conformit\u00e9 des transferts de donn\u00e9es au RGPD, consultez le livre blanc sur le RGPD de Shopify :<a href=\"https:\/\/help.shopify.com\/en\/manual\/your-account\/privacy\/GDPR\">https:\/\/help.shopify.com\/en\/manual\/your-account\/privacy\/GDPR<\/a>\u3002<\/p>\n\n<h3 class=\"wp-block-heading\">CCPA<\/h3>\n\n<p>Si vous r\u00e9sidez en Californie, vous avez le droit d&rsquo;acc\u00e9der aux informations personnelles que nous d\u00e9tenons \u00e0 votre sujet (\u00e9galement appel\u00e9es \u00ab droit de savoir \u00bb), de les transf\u00e9rer vers un nouveau service et de demander que vos informations personnelles soient corrig\u00e9es, mises \u00e0 jour, ou supprim\u00e9. Si vous souhaitez exercer ces droits, veuillez nous contacter en utilisant les coordonn\u00e9es ci-dessous.<\/p>\n\n<p>Si vous souhaitez d\u00e9signer un agent autoris\u00e9 pour soumettre ces demandes en votre nom, veuillez nous contacter \u00e0 l&rsquo;adresse ci-dessous.<\/p>\n\n<h5 class=\"wp-block-heading\">COOKIE<\/h5>\n\n<p>Les cookies sont de petits \u00e9l\u00e9ments d&rsquo;information t\u00e9l\u00e9charg\u00e9s sur votre ordinateur ou appareil lorsque vous visitez notre site Web. Nous utilisons un certain nombre de cookies diff\u00e9rents, notamment des cookies fonctionnels, de performance, publicitaires et de m\u00e9dias sociaux ou de contenu. Les cookies permettent aux sites Web de m\u00e9moriser vos actions et pr\u00e9f\u00e9rences (telles que les connexions et les s\u00e9lections de r\u00e9gions), am\u00e9liorant ainsi votre exp\u00e9rience de navigation. Cela signifie que vous n&rsquo;avez pas besoin de ressaisir ces informations \u00e0 chaque fois que vous revenez sur le site ou que vous naviguez d&rsquo;une page \u00e0 une autre. Les cookies fournissent \u00e9galement des informations sur la mani\u00e8re dont les gens utilisent le site Web, par exemple s&rsquo;il s&rsquo;agit de leur premi\u00e8re visite ou d&rsquo;un visiteur r\u00e9gulier.<\/p>\n\n<p>Nous utilisons les cookies suivants pour optimiser votre exp\u00e9rience sur notre site Web et pour fournir nos services.<\/p>\n\n<p>La dur\u00e9e pendant laquelle un cookie reste sur votre ordinateur ou appareil mobile d\u00e9pend s&rsquo;il s&rsquo;agit d&rsquo;un cookie \u00ab persistant \u00bb ou \u00ab de session \u00bb. Les cookies de session durent jusqu&rsquo;\u00e0 ce que vous arr\u00eatiez de naviguer, les cookies persistants durent jusqu&rsquo;\u00e0 leur expiration ou leur suppression. La plupart des cookies que nous utilisons sont persistants et expirent entre 30 minutes et deux ans \u00e0 compter de la date \u00e0 laquelle ils sont t\u00e9l\u00e9charg\u00e9s sur votre appareil.<\/p>\n\n<p>Vous pouvez contr\u00f4ler et g\u00e9rer les cookies de diff\u00e9rentes mani\u00e8res. N&rsquo;oubliez pas que la suppression ou le blocage des cookies peut avoir un impact n\u00e9gatif sur votre exp\u00e9rience utilisateur et que certaines parties de notre site Web peuvent ne plus \u00eatre enti\u00e8rement accessibles.<\/p>\n\n<p>La plupart des navigateurs acceptent automatiquement les cookies, mais vous pouvez choisir d&rsquo;accepter ou non les cookies via les commandes de votre navigateur, qui se trouvent g\u00e9n\u00e9ralement dans le menu Outils ou Pr\u00e9f\u00e9rences de votre navigateur. De plus amples informations sur la fa\u00e7on de modifier les param\u00e8tres de votre navigateur ou sur la fa\u00e7on de bloquer, g\u00e9rer ou filtrer les cookies peuvent \u00eatre trouv\u00e9es dans le fichier d&rsquo;aide de votre navigateur ou via <a href=\"https:\/\/schoeller-store.myshopify.com\/admin\/settings\/www.allaboutcookies.org\">www.allaboutcookies.org. <\/a><\/p>\n\n<p>De plus, veuillez noter que le blocage des cookies ne nous emp\u00eachera pas compl\u00e8tement de partager des informations avec des tiers (tels que nos partenaires publicitaires). Pour exercer vos droits ou refuser certaines utilisations de vos informations par ces parties, veuillez suivre les instructions de la section \u00ab Publicit\u00e9 comportementale \u00bb ci-dessus.<\/p>\n\n<h5 class=\"wp-block-heading\">Ne pas suivre<\/h5>\n\n<p>Veuillez noter que, comme il n&rsquo;existe pas de compr\u00e9hension coh\u00e9rente dans l&rsquo;industrie sur la fa\u00e7on de r\u00e9pondre aux signaux Do Not Track, nous ne modifions pas nos pratiques de collecte et d&rsquo;utilisation de donn\u00e9es lorsque nous d\u00e9tectons de tels signaux provenant de votre navigateur.<\/p>\n\n<h5 class=\"wp-block-heading\">Vari\u00e9t\u00e9<\/h5>\n\n<p>Nous pouvons mettre \u00e0 jour cette politique de confidentialit\u00e9 de temps \u00e0 autre pour refl\u00e9ter des changements dans nos pratiques ou pour d&rsquo;autres raisons op\u00e9rationnelles, juridiques ou r\u00e9glementaires.<\/p>\n\n<h5 class=\"wp-block-heading\">connecter<\/h5>\n\n<p>Pour plus d&rsquo;informations sur nos pratiques de confidentialit\u00e9, si vous avez des questions ou si vous souhaitez d\u00e9poser une plainte, veuillez nous contacter par e-mail \u00e0 [adresse e-mail] ou par courrier en utilisant les coordonn\u00e9es ci-dessous :<\/p>\n\n<p>n\u00b0 958, elle parle de route, elle est une ville, district de W U Pulp, ville de SUzhou, province du Jiangsu, Chine.<\/p>\n\n<p><em>Derni\u00e8re mise \u00e0 jour : 11 avril 2024<\/em><\/p>\n\n<p>Si vous n&rsquo;\u00eates pas satisfait de notre r\u00e9ponse \u00e0 votre plainte, vous avez le droit de d\u00e9poser une plainte aupr\u00e8s de l&rsquo;autorit\u00e9 de protection des donn\u00e9es comp\u00e9tente. Vous pouvez contacter votre autorit\u00e9 locale de protection des donn\u00e9es ou notre autorit\u00e9 de contr\u00f4le ici :<em>[Ajoutez les coordonn\u00e9es ou le site Web de l&rsquo;autorit\u00e9 de protection des donn\u00e9es de votre juridiction. Par exemple:<\/em> <a href=\"https:\/\/ico.org.uk\/make-a-complaint\/\">https:\/\/ico.org.uk\/make-a-complaint\/<\/a><em>]<\/em><\/p>\n\n<p><\/p>\n\n<p><\/p>\n\n<p><\/p>\n\n<p><\/p>\n\n<p><\/p>\n","protected":false},"excerpt":{"rendered":"<p>Plainte relative aux droits d&rsquo;auteur Contactez-nous D\u00e9veloppeur de conception de sites Web officiels Politique de confidentialit\u00e9 Cette politique de confidentialit\u00e9 d\u00e9crit comment gjtex.com (le \u00ab Site \u00bb ou \u00ab nous \u00bb) collecte, utilise et divulgue vos informations personnelles lorsque vous visitez ou achetez sur le site. Recueillir des informations personnelles Lorsque vous visitez le Site, &hellip; <\/p>\n","protected":false},"author":1,"featured_media":0,"parent":0,"menu_order":0,"comment_status":"closed","ping_status":"closed","template":"","meta":{"footnotes":""},"coauthors":[],"class_list":{"0":"post-4806","1":"page","2":"type-page","3":"status-publish","5":"entry"},"_links":{"self":[{"href":"https:\/\/www.gjtex.com\/fr\/wp-json\/wp\/v2\/pages\/4806","targetHints":{"allow":["GET"]}}],"collection":[{"href":"https:\/\/www.gjtex.com\/fr\/wp-json\/wp\/v2\/pages"}],"about":[{"href":"https:\/\/www.gjtex.com\/fr\/wp-json\/wp\/v2\/types\/page"}],"author":[{"embeddable":true,"href":"https:\/\/www.gjtex.com\/fr\/wp-json\/wp\/v2\/users\/1"}],"replies":[{"embeddable":true,"href":"https:\/\/www.gjtex.com\/fr\/wp-json\/wp\/v2\/comments?post=4806"}],"version-history":[{"count":0,"href":"https:\/\/www.gjtex.com\/fr\/wp-json\/wp\/v2\/pages\/4806\/revisions"}],"wp:attachment":[{"href":"https:\/\/www.gjtex.com\/fr\/wp-json\/wp\/v2\/media?parent=4806"}],"wp:term":[{"taxonomy":"author","embeddable":true,"href":"https:\/\/www.gjtex.com\/fr\/wp-json\/wp\/v2\/coauthors?post=4806"}],"curies":[{"name":"wp","href":"https:\/\/api.w.org\/{rel}","templated":true}]}}