{"id":4791,"date":"2024-04-29T14:49:31","date_gmt":"2024-04-29T06:49:31","guid":{"rendered":"https:\/\/www.gjtex.com\/guangjie-textile-product-manual-2024aw\/"},"modified":"2024-05-07T00:32:13","modified_gmt":"2024-05-06T16:32:13","slug":"guangjie-textile-product-manual-2024aw","status":"publish","type":"page","link":"https:\/\/www.gjtex.com\/fr\/guangjie-textile-product-manual-2024aw\/","title":{"rendered":"Manuel du produit textile Guangjie 2024AW"},"content":{"rendered":"\n<div class=\"wp-block-columns flext-block-1714068677853 is-layout-flex wp-container-core-columns-is-layout-28f84493 wp-block-columns-is-layout-flex\">\n<div class=\"wp-block-column is-content-justification-left is-layout-constrained wp-container-core-column-is-layout-12dd3699 wp-block-column-is-layout-constrained\"><\/div>\n\n\n\n<div class=\"wp-block-column is-content-justification-left is-layout-constrained wp-container-core-column-is-layout-12dd3699 wp-block-column-is-layout-constrained\"><div class=\"_df_thumb \" id=\"df_3870\"  _slug=\"2025awfabric\" data-title=\"2025awfabric\" wpoptions=\"true\" thumb=\"https:\/\/www.gjtex.com\/wp-content\/uploads\/2024\/04\/2025AWFABRIC.jpg\" thumbtype=\"\" >2025AWFABRIC<\/div><script class=\"df-shortcode-script\" nowprocket type=\"application\/javascript\">window.option_df_3870 = {\"webgl\":\"true\",\"outline\":[],\"backgroundColor\":\"#0000000000\",\"hard\":\"cover\",\"autoEnableOutline\":\"false\",\"autoEnableThumbnail\":\"false\",\"overwritePDFOutline\":\"false\",\"enableDownload\":\"true\",\"direction\":\"1\",\"pageSize\":\"0\",\"pageMode\":\"2\",\"controlsPosition\":\"bottom\",\"autoPlayStart\":\"false\",\"source\":\"https:\\\/\\\/fabric.gjtex.com\\\/pdf\\\/2025AWFABRIC.pdf\",\"wpOptions\":\"true\"}; if(window.DFLIP && window.DFLIP.parseBooks){window.DFLIP.parseBooks();}<\/script>\n\n\n\n<p class=\"has-text-align-left flext-block-1714068842291\">Am\u00e9nagement de 10 kilom\u00e8tres de tissu ext\u00e9rieur urbain<\/p>\n<\/div>\n\n\n\n<div class=\"wp-block-column is-content-justification-left is-layout-constrained wp-container-core-column-is-layout-12dd3699 wp-block-column-is-layout-constrained\"><\/div>\n<\/div>\n","protected":false},"excerpt":{"rendered":"<p>Am\u00e9nagement de 10 kilom\u00e8tres de tissu ext\u00e9rieur urbain<\/p>\n","protected":false},"author":5,"featured_media":4969,"parent":0,"menu_order":0,"comment_status":"closed","ping_status":"closed","template":"","meta":{"footnotes":""},"coauthors":[],"class_list":{"0":"post-4791","1":"page","2":"type-page","3":"status-publish","4":"has-post-thumbnail","6":"entry"},"_links":{"self":[{"href":"https:\/\/www.gjtex.com\/fr\/wp-json\/wp\/v2\/pages\/4791","targetHints":{"allow":["GET"]}}],"collection":[{"href":"https:\/\/www.gjtex.com\/fr\/wp-json\/wp\/v2\/pages"}],"about":[{"href":"https:\/\/www.gjtex.com\/fr\/wp-json\/wp\/v2\/types\/page"}],"author":[{"embeddable":true,"href":"https:\/\/www.gjtex.com\/fr\/wp-json\/wp\/v2\/users\/5"}],"replies":[{"embeddable":true,"href":"https:\/\/www.gjtex.com\/fr\/wp-json\/wp\/v2\/comments?post=4791"}],"version-history":[{"count":0,"href":"https:\/\/www.gjtex.com\/fr\/wp-json\/wp\/v2\/pages\/4791\/revisions"}],"wp:featuredmedia":[{"embeddable":true,"href":"https:\/\/www.gjtex.com\/fr\/wp-json\/wp\/v2\/media\/4969"}],"wp:attachment":[{"href":"https:\/\/www.gjtex.com\/fr\/wp-json\/wp\/v2\/media?parent=4791"}],"wp:term":[{"taxonomy":"author","embeddable":true,"href":"https:\/\/www.gjtex.com\/fr\/wp-json\/wp\/v2\/coauthors?post=4791"}],"curies":[{"name":"wp","href":"https:\/\/api.w.org\/{rel}","templated":true}]}}