{"id":4767,"date":"2024-04-19T14:58:13","date_gmt":"2024-04-19T06:58:13","guid":{"rendered":"https:\/\/www.gjtex.com\/fabric-planning\/"},"modified":"2024-06-11T13:55:54","modified_gmt":"2024-06-11T05:55:54","slug":"fabric-planning","status":"publish","type":"page","link":"https:\/\/www.gjtex.com\/fr\/fabric-planning\/","title":{"rendered":"2024\/25AW-Plan de recherche et d\u00e9veloppement de tissus pour sports de plein air"},"content":{"rendered":"\n<div class=\"wp-block-columns flext-block-1714068677853 is-layout-flex wp-container-core-columns-is-layout-28f84493 wp-block-columns-is-layout-flex\">\n<div class=\"wp-block-column is-content-justification-left is-layout-constrained wp-container-core-column-is-layout-12dd3699 wp-block-column-is-layout-constrained\"><div class=\"_df_thumb \" id=\"df_4329\"  _slug=\"1km-living-circle\" data-title=\"1%e5%85%ac%e9%87%8c%e7%94%9f%e6%b4%bb%e5%9c%88%e9%9d%a2%e6%96%99%e7%a0%94%e5%8f%91%e4%bc%81%e5%88%92\" wpoptions=\"true\" thumb=\"https:\/\/www.gjtex.com\/wp-content\/uploads\/2024\/05\/1km-living-circle-en.jpg\" thumbtype=\"\" >1\u516c\u91cc\u751f\u6d3b\u5708\u9762\u6599\u7814\u53d1\u4f01\u5212<\/div><script class=\"df-shortcode-script\" nowprocket type=\"application\/javascript\">window.option_df_4329 = {\"webgl\":\"true\",\"outline\":[],\"backgroundColor\":\"#282828\",\"hard\":\"cover\",\"autoEnableOutline\":\"false\",\"autoEnableThumbnail\":\"false\",\"overwritePDFOutline\":\"false\",\"enableDownload\":\"false\",\"direction\":\"1\",\"pageSize\":\"0\",\"controlsPosition\":\"hide\",\"source\":\"https:\\\/\\\/www.gjtex.com\\\/wp-content\\\/uploads\\\/2026\\\/05\\\/1km-living-circle-cn.pdf\",\"wpOptions\":\"true\"}; if(window.DFLIP && window.DFLIP.parseBooks){window.DFLIP.parseBooks();}<\/script>\n\n\n\n<p class=\"flext-block-1714068829696\">Planification du tissu d&rsquo;un cercle de vie urbain de 1 km<\/p>\n<\/div>\n\n\n\n<div class=\"wp-block-column is-content-justification-left is-layout-constrained wp-container-core-column-is-layout-12dd3699 wp-block-column-is-layout-constrained\"><div class=\"_df_thumb \" id=\"df_4336\"  _slug=\"10%e5%85%ac%e9%87%8c%e7%94%9f%e6%b4%bb%e5%9c%88%e6%88%b7%e5%a4%96%e8%bf%90%e5%8a%a8%e9%9d%a2%e6%96%99%e4%bc%81%e5%88%92\" data-title=\"10%e5%85%ac%e9%87%8c%e5%9f%8e%e5%b8%82%e6%88%b7%e5%a4%96%e9%9d%a2%e6%96%99%e7%a0%94%e5%8f%91%e4%bc%81%e5%88%92\" wpoptions=\"true\" thumb=\"https:\/\/www.gjtex.com\/wp-content\/uploads\/2024\/05\/10km-Outdoor-en.jpg\" thumbtype=\"\" >10\u516c\u91cc\u57ce\u5e02\u6237\u5916\u9762\u6599\u7814\u53d1\u4f01\u5212<\/div><script class=\"df-shortcode-script\" nowprocket type=\"application\/javascript\">window.option_df_4336 = {\"outline\":[],\"backgroundColor\":\"#282828\",\"autoEnableOutline\":\"false\",\"autoEnableThumbnail\":\"false\",\"overwritePDFOutline\":\"false\",\"enableDownload\":\"false\",\"direction\":\"1\",\"pageSize\":\"0\",\"controlsPosition\":\"hide\",\"source\":\"https:\\\/\\\/www.gjtex.com\\\/wp-content\\\/uploads\\\/2026\\\/05\\\/10km-Outdoor-cn.pdf\",\"wpOptions\":\"true\"}; if(window.DFLIP && window.DFLIP.parseBooks){window.DFLIP.parseBooks();}<\/script>\n\n\n\n<p class=\"has-text-align-left flext-block-1714068842291\">Am\u00e9nagement de 10 kilom\u00e8tres de tissu ext\u00e9rieur urbain<\/p>\n<\/div>\n\n\n\n<div class=\"wp-block-column is-content-justification-left is-layout-constrained wp-container-core-column-is-layout-12dd3699 wp-block-column-is-layout-constrained\"><div class=\"_df_thumb \" id=\"df_4295\"  _slug=\"30km-suburban-outdoor-area\" data-title=\"30%e5%85%ac%e9%87%8c%e5%9f%8e%e9%83%8a%e6%88%b7%e5%a4%96%e9%9d%a2%e6%96%99%e7%a0%94%e5%8f%91%e4%bc%81%e5%88%92\" wpoptions=\"true\" thumb=\"https:\/\/www.gjtex.com\/wp-content\/uploads\/2024\/05\/30km-Suburban-Outdoors_1.jpg\" thumbtype=\"\" >30\u516c\u91cc\u57ce\u90ca\u6237\u5916\u9762\u6599\u7814\u53d1\u4f01\u5212<\/div><script class=\"df-shortcode-script\" nowprocket type=\"application\/javascript\">window.option_df_4295 = {\"webgl\":\"true\",\"outline\":[],\"backgroundColor\":\"#282828\",\"height\":\"1200\",\"autoEnableOutline\":\"false\",\"autoEnableThumbnail\":\"false\",\"overwritePDFOutline\":\"false\",\"enableDownload\":\"false\",\"direction\":\"1\",\"pageSize\":\"0\",\"controlsPosition\":\"hide\",\"source\":\"https:\\\/\\\/www.gjtex.com\\\/wp-content\\\/uploads\\\/2026\\\/05\\\/30km-Suburban-Outdoors-cn.pdf\",\"wpOptions\":\"true\"}; if(window.DFLIP && window.DFLIP.parseBooks){window.DFLIP.parseBooks();}<\/script>\n\n\n\n<p class=\"flext-block-1714068858983\">Planification du tissu ext\u00e9rieur suburbain de 30 km<\/p>\n<\/div>\n<\/div>\n","protected":false},"excerpt":{"rendered":"<p>Planification du tissu d&rsquo;un cercle de vie urbain de 1 km Am\u00e9nagement de 10 kilom\u00e8tres de tissu ext\u00e9rieur urbain Planification du tissu ext\u00e9rieur suburbain de 30 km<\/p>\n","protected":false},"author":4,"featured_media":0,"parent":0,"menu_order":0,"comment_status":"closed","ping_status":"closed","template":"","meta":{"footnotes":""},"coauthors":[],"class_list":{"0":"post-4767","1":"page","2":"type-page","3":"status-publish","5":"entry"},"_links":{"self":[{"href":"https:\/\/www.gjtex.com\/fr\/wp-json\/wp\/v2\/pages\/4767","targetHints":{"allow":["GET"]}}],"collection":[{"href":"https:\/\/www.gjtex.com\/fr\/wp-json\/wp\/v2\/pages"}],"about":[{"href":"https:\/\/www.gjtex.com\/fr\/wp-json\/wp\/v2\/types\/page"}],"author":[{"embeddable":true,"href":"https:\/\/www.gjtex.com\/fr\/wp-json\/wp\/v2\/users\/4"}],"replies":[{"embeddable":true,"href":"https:\/\/www.gjtex.com\/fr\/wp-json\/wp\/v2\/comments?post=4767"}],"version-history":[{"count":0,"href":"https:\/\/www.gjtex.com\/fr\/wp-json\/wp\/v2\/pages\/4767\/revisions"}],"wp:attachment":[{"href":"https:\/\/www.gjtex.com\/fr\/wp-json\/wp\/v2\/media?parent=4767"}],"wp:term":[{"taxonomy":"author","embeddable":true,"href":"https:\/\/www.gjtex.com\/fr\/wp-json\/wp\/v2\/coauthors?post=4767"}],"curies":[{"name":"wp","href":"https:\/\/api.w.org\/{rel}","templated":true}]}}